{"id":625,"date":"2024-10-31T01:41:14","date_gmt":"2024-10-31T01:41:14","guid":{"rendered":"https:\/\/www.mochuela.com.uy\/?post_type=product&#038;p=625"},"modified":"2026-02-25T23:28:08","modified_gmt":"2026-02-25T23:28:08","slug":"planificador-docente-160-pag","status":"publish","type":"product","link":"https:\/\/www.mochuela.com.uy\/index.php\/producto\/planificador-docente-160-pag\/","title":{"rendered":"PLANIFICADOR DOCENTE 200 p\u00e1g."},"content":{"rendered":"","protected":false},"excerpt":{"rendered":"<p>Es una herramienta para acompa\u00f1ar tus practicas pedag\u00f3gicas. Dise\u00f1os especiales para maestros, profesores, adscriptos y directores.<\/p>\n<p>Planificaci\u00f3n anual, mensual y diaria perpetua.<br \/>\nCalendario y horarios semestrales<br \/>\nControl de asignaturas<br \/>\nSobres de papel y l\u00e1piz plantable.<br \/>\nPapel de fibra de ca\u00f1a de az\u00facar de 75 gramos. 160 p\u00e1g.<br \/>\nTapa dura forrada con lonetas de algod\u00f3n de gran duraci\u00f3n.<br \/>\n200 opciones de estampados para todos los gustos.<br \/>\nCinta marca p\u00e1gina y el\u00e1stico de cierre. Sobres y l\u00e1piz plantable.<\/p>\n<p><em>Este producto es realizado de forma artesanal. El plazo de entrega es de 10 d\u00edas aproximadamente luego de confirmada la compra.<\/em><\/p>\n","protected":false},"featured_media":628,"template":"","meta":{"site-sidebar-layout":"default","site-content-layout":"","ast-site-content-layout":"default","site-content-style":"default","site-sidebar-style":"default","ast-global-header-display":"","ast-banner-title-visibility":"","ast-main-header-display":"","ast-hfb-above-header-display":"","ast-hfb-below-header-display":"","ast-hfb-mobile-header-display":"","site-post-title":"","ast-breadcrumbs-content":"","ast-featured-img":"","footer-sml-layout":"","ast-disable-related-posts":"","theme-transparent-header-meta":"default","adv-header-id-meta":"","stick-header-meta":"","header-above-stick-meta":"","header-main-stick-meta":"","header-below-stick-meta":"","astra-migrate-meta-layouts":"set","ast-page-background-enabled":"default","ast-page-background-meta":{"desktop":{"background-color":"var(--ast-global-color-4)","background-image":"","background-repeat":"repeat","background-position":"center center","background-size":"auto","background-attachment":"scroll","background-type":"","background-media":"","overlay-type":"","overlay-color":"","overlay-opacity":"","overlay-gradient":""},"tablet":{"background-color":"","background-image":"","background-repeat":"repeat","background-position":"center center","background-size":"auto","background-attachment":"scroll","background-type":"","background-media":"","overlay-type":"","overlay-color":"","overlay-opacity":"","overlay-gradient":""},"mobile":{"background-color":"","background-image":"","background-repeat":"repeat","background-position":"center center","background-size":"auto","background-attachment":"scroll","background-type":"","background-media":"","overlay-type":"","overlay-color":"","overlay-opacity":"","overlay-gradient":""}},"ast-content-background-meta":{"desktop":{"background-color":"var(--ast-global-color-5)","background-image":"","background-repeat":"repeat","background-position":"center center","background-size":"auto","background-attachment":"scroll","background-type":"","background-media":"","overlay-type":"","overlay-color":"","overlay-opacity":"","overlay-gradient":""},"tablet":{"background-color":"var(--ast-global-color-5)","background-image":"","background-repeat":"repeat","background-position":"center center","background-size":"auto","background-attachment":"scroll","background-type":"","background-media":"","overlay-type":"","overlay-color":"","overlay-opacity":"","overlay-gradient":""},"mobile":{"background-color":"var(--ast-global-color-5)","background-image":"","background-repeat":"repeat","background-position":"center center","background-size":"auto","background-attachment":"scroll","background-type":"","background-media":"","overlay-type":"","overlay-color":"","overlay-opacity":"","overlay-gradient":""}}},"product_brand":[],"product_cat":[21],"product_tag":[],"class_list":{"0":"post-625","1":"product","2":"type-product","3":"status-publish","4":"has-post-thumbnail","6":"product_cat-cuadernos-especiales","7":"desktop-align-left","8":"tablet-align-left","9":"mobile-align-left","11":"first","12":"instock","13":"shipping-taxable","14":"purchasable","15":"product-type-simple"},"_links":{"self":[{"href":"https:\/\/www.mochuela.com.uy\/index.php\/wp-json\/wp\/v2\/product\/625","targetHints":{"allow":["GET"]}}],"collection":[{"href":"https:\/\/www.mochuela.com.uy\/index.php\/wp-json\/wp\/v2\/product"}],"about":[{"href":"https:\/\/www.mochuela.com.uy\/index.php\/wp-json\/wp\/v2\/types\/product"}],"wp:featuredmedia":[{"embeddable":true,"href":"https:\/\/www.mochuela.com.uy\/index.php\/wp-json\/wp\/v2\/media\/628"}],"wp:attachment":[{"href":"https:\/\/www.mochuela.com.uy\/index.php\/wp-json\/wp\/v2\/media?parent=625"}],"wp:term":[{"taxonomy":"product_brand","embeddable":true,"href":"https:\/\/www.mochuela.com.uy\/index.php\/wp-json\/wp\/v2\/product_brand?post=625"},{"taxonomy":"product_cat","embeddable":true,"href":"https:\/\/www.mochuela.com.uy\/index.php\/wp-json\/wp\/v2\/product_cat?post=625"},{"taxonomy":"product_tag","embeddable":true,"href":"https:\/\/www.mochuela.com.uy\/index.php\/wp-json\/wp\/v2\/product_tag?post=625"}],"curies":[{"name":"wp","href":"https:\/\/api.w.org\/{rel}","templated":true}]}}