{"id":642,"date":"2024-10-31T02:08:35","date_gmt":"2024-10-31T02:08:35","guid":{"rendered":"https:\/\/www.mochuela.com.uy\/?post_type=product&#038;p=642"},"modified":"2025-11-16T16:55:35","modified_gmt":"2025-11-16T16:55:35","slug":"bitacora-de-viaje-160-pag","status":"publish","type":"product","link":"https:\/\/www.mochuela.com.uy\/index.php\/producto\/bitacora-de-viaje-160-pag\/","title":{"rendered":"BIT\u00c1CORA DE VIAJE 160 p\u00e1g."},"content":{"rendered":"","protected":false},"excerpt":{"rendered":"<p>Papel de fibra de ca\u00f1a de az\u00facar de 75 gramos. 160 p\u00e1g.<br \/>\nTapa dura forrada con lonetas de algod\u00f3n de gran duraci\u00f3n.<br \/>\n200 opciones de estampados para todos los gustos.<br \/>\nCinta marca p\u00e1gina con detalle de avi\u00f3n y el\u00e1stico de cierre. Sobres y l\u00e1piz plantable.<\/p>\n<p>Contiene:<br \/>\nRecorrido de viaje<br \/>\nPresupuesto<br \/>\nHoja de ruta<br \/>\nAlojamientos<br \/>\nVuelos \/Buses\/ Trenes<br \/>\nVeh\u00edculo propio<br \/>\ny m\u00e1s<\/p>\n<p><em>Este producto es realizado de forma artesanal. El plazo de entrega es de 10 d\u00edas aproximadamente luego de confirmada la compra.<\/em><\/p>\n","protected":false},"featured_media":1045,"template":"","meta":{"site-sidebar-layout":"default","site-content-layout":"","ast-site-content-layout":"default","site-content-style":"default","site-sidebar-style":"default","ast-global-header-display":"","ast-banner-title-visibility":"","ast-main-header-display":"","ast-hfb-above-header-display":"","ast-hfb-below-header-display":"","ast-hfb-mobile-header-display":"","site-post-title":"","ast-breadcrumbs-content":"","ast-featured-img":"","footer-sml-layout":"","ast-disable-related-posts":"","theme-transparent-header-meta":"default","adv-header-id-meta":"","stick-header-meta":"","header-above-stick-meta":"","header-main-stick-meta":"","header-below-stick-meta":"","astra-migrate-meta-layouts":"set","ast-page-background-enabled":"default","ast-page-background-meta":{"desktop":{"background-color":"var(--ast-global-color-4)","background-image":"","background-repeat":"repeat","background-position":"center center","background-size":"auto","background-attachment":"scroll","background-type":"","background-media":"","overlay-type":"","overlay-color":"","overlay-opacity":"","overlay-gradient":""},"tablet":{"background-color":"","background-image":"","background-repeat":"repeat","background-position":"center center","background-size":"auto","background-attachment":"scroll","background-type":"","background-media":"","overlay-type":"","overlay-color":"","overlay-opacity":"","overlay-gradient":""},"mobile":{"background-color":"","background-image":"","background-repeat":"repeat","background-position":"center center","background-size":"auto","background-attachment":"scroll","background-type":"","background-media":"","overlay-type":"","overlay-color":"","overlay-opacity":"","overlay-gradient":""}},"ast-content-background-meta":{"desktop":{"background-color":"var(--ast-global-color-5)","background-image":"","background-repeat":"repeat","background-position":"center center","background-size":"auto","background-attachment":"scroll","background-type":"","background-media":"","overlay-type":"","overlay-color":"","overlay-opacity":"","overlay-gradient":""},"tablet":{"background-color":"var(--ast-global-color-5)","background-image":"","background-repeat":"repeat","background-position":"center center","background-size":"auto","background-attachment":"scroll","background-type":"","background-media":"","overlay-type":"","overlay-color":"","overlay-opacity":"","overlay-gradient":""},"mobile":{"background-color":"var(--ast-global-color-5)","background-image":"","background-repeat":"repeat","background-position":"center center","background-size":"auto","background-attachment":"scroll","background-type":"","background-media":"","overlay-type":"","overlay-color":"","overlay-opacity":"","overlay-gradient":""}}},"product_brand":[],"product_cat":[24],"product_tag":[],"class_list":{"0":"post-642","1":"product","2":"type-product","3":"status-publish","4":"has-post-thumbnail","6":"product_cat-bitacoras","7":"desktop-align-left","8":"tablet-align-left","9":"mobile-align-left","11":"first","12":"instock","13":"shipping-taxable","14":"purchasable","15":"product-type-simple"},"_links":{"self":[{"href":"https:\/\/www.mochuela.com.uy\/index.php\/wp-json\/wp\/v2\/product\/642","targetHints":{"allow":["GET"]}}],"collection":[{"href":"https:\/\/www.mochuela.com.uy\/index.php\/wp-json\/wp\/v2\/product"}],"about":[{"href":"https:\/\/www.mochuela.com.uy\/index.php\/wp-json\/wp\/v2\/types\/product"}],"wp:featuredmedia":[{"embeddable":true,"href":"https:\/\/www.mochuela.com.uy\/index.php\/wp-json\/wp\/v2\/media\/1045"}],"wp:attachment":[{"href":"https:\/\/www.mochuela.com.uy\/index.php\/wp-json\/wp\/v2\/media?parent=642"}],"wp:term":[{"taxonomy":"product_brand","embeddable":true,"href":"https:\/\/www.mochuela.com.uy\/index.php\/wp-json\/wp\/v2\/product_brand?post=642"},{"taxonomy":"product_cat","embeddable":true,"href":"https:\/\/www.mochuela.com.uy\/index.php\/wp-json\/wp\/v2\/product_cat?post=642"},{"taxonomy":"product_tag","embeddable":true,"href":"https:\/\/www.mochuela.com.uy\/index.php\/wp-json\/wp\/v2\/product_tag?post=642"}],"curies":[{"name":"wp","href":"https:\/\/api.w.org\/{rel}","templated":true}]}}